{"id":7518,"date":"2021-10-13T15:05:02","date_gmt":"2021-10-13T18:05:02","guid":{"rendered":"https:\/\/scg.amorosa.company\/?page_id=7518"},"modified":"2021-11-03T18:57:04","modified_gmt":"2021-11-03T21:57:04","slug":"politicas","status":"publish","type":"page","link":"https:\/\/s-c-g.net\/en\/policies\/","title":{"rendered":"Politics"},"content":{"rendered":"<div data-elementor-type=\"wp-page\" data-elementor-id=\"7518\" class=\"elementor elementor-7518\">\n\t\t\t\t\t\t<div class=\"elementor-section elementor-top-section elementor-element elementor-element-56d5486 elementor-section-boxed elementor-section-height-default elementor-section-height-default e-parent\" data-id=\"56d5486\" data-element_type=\"section\" data-settings=\"{&quot;background_background&quot;:&quot;classic&quot;}\">\n\t\t\t\t\t\t\t<div class=\"elementor-background-overlay\"><\/div>\n\t\t\t\t\t\t\t<div class=\"elementor-container elementor-column-gap-no\">\n\t\t\t\t\t<div class=\"elementor-column elementor-col-100 elementor-top-column elementor-element elementor-element-8aea673 lakit-col-width-auto-no\" data-id=\"8aea673\" data-element_type=\"column\">\n\t\t\t<div class=\"elementor-widget-wrap elementor-element-populated\">\n\t\t\t\t\t\t<div class=\"elementor-element elementor-element-6cb574c elementor-invisible elementor-widget elementor-widget-heading\" data-id=\"6cb574c\" data-element_type=\"widget\" data-settings=\"{&quot;_animation&quot;:&quot;fadeInUp&quot;,&quot;_animation_delay&quot;:200}\" data-widget_type=\"heading.default\">\n\t\t\t\t<div class=\"elementor-widget-container\">\n\t\t\t\t\t<h2 class=\"elementor-heading-title elementor-size-default\">Politics<\/h2>\t\t\t\t<\/div>\n\t\t\t\t<\/div>\n\t\t\t\t\t<\/div>\n\t\t<\/div>\n\t\t\t\t\t<\/div>\n\t\t<\/div>\n\t\t\t\t<div class=\"elementor-section elementor-top-section elementor-element elementor-element-ec1297f elementor-section-boxed elementor-section-height-default elementor-section-height-default elementor-invisible e-parent\" data-id=\"ec1297f\" data-element_type=\"section\" data-settings=\"{&quot;animation&quot;:&quot;fadeInUp&quot;,&quot;animation_delay&quot;:200}\">\n\t\t\t\t\t\t<div class=\"elementor-container elementor-column-gap-no\">\n\t\t\t\t\t<div class=\"elementor-column elementor-col-100 elementor-top-column elementor-element elementor-element-03481c9 lakit-col-width-auto-no\" data-id=\"03481c9\" data-element_type=\"column\">\n\t\t\t<div class=\"elementor-widget-wrap elementor-element-populated\">\n\t\t\t\t\t\t<div class=\"elementor-element elementor-element-f7a2517 elementor-widget elementor-widget-heading\" data-id=\"f7a2517\" data-element_type=\"widget\" data-widget_type=\"heading.default\">\n\t\t\t\t<div class=\"elementor-widget-container\">\n\t\t\t\t\t<h2 class=\"elementor-heading-title elementor-size-default\">Quality, Safety and Health at Work and Environment Policy<\/h2>\t\t\t\t<\/div>\n\t\t\t\t<\/div>\n\t\t\t\t<div class=\"elementor-element elementor-element-4dbe8a2 elementor-widget elementor-widget-text-editor\" data-id=\"4dbe8a2\" data-element_type=\"widget\" data-widget_type=\"text-editor.default\">\n\t\t\t\t<div class=\"elementor-widget-container\">\n\t\t\t\t\t\t\t\t\t<p style=\"text-align: justify;\"><span style=\"font-weight: 400;\">We are an international consulting company specialized in the social management of risks and opportunities associated with complex investment projects.<\/span><\/p><p style=\"text-align: justify;\"><span style=\"font-weight: 400;\">Our general commitments are:<\/span><\/p><ul><li style=\"text-align: justify;\"><span style=\"font-weight: 400;\">Maintain a close relationship with our clients, and become Strategic Partners.<\/span><\/li><li style=\"text-align: justify;\"><span style=\"font-weight: 400;\">Adopt the best practices and standards applicable to our activities and comply with all legal requirements regarding quality, occupational health and safety, and the environment in the countries where we operate.<\/span><\/li><li style=\"text-align: justify;\"><span style=\"font-weight: 400;\">Train, train and raise awareness among workers, according to their roles and responsibilities, with the aim of promoting the culture of the organization.<\/span><\/li><li style=\"text-align: justify;\"><span style=\"font-weight: 400;\">Garantizar la participaci\u00f3n activa as\u00ed como la consulta en materia de seguridad y salud en el trabajo de los trabajadores y sus representantes en el desarrollo del sistema integrado de gesti\u00f3n.<\/span><\/li><li style=\"text-align: justify;\"><span style=\"font-weight: 400;\">Promote continuous improvement through planning, implementation, control and taking actions, in addition to the periodic review of our integrated management system to guarantee its good performance.<\/span><\/li><\/ul>\t\t\t\t\t\t\t\t<\/div>\n\t\t\t\t<\/div>\n\t\t\t\t<div class=\"elementor-element elementor-element-6018110 elementor-widget__width-initial elementor-widget elementor-widget-image\" data-id=\"6018110\" data-element_type=\"widget\" data-widget_type=\"image.default\">\n\t\t\t\t<div class=\"elementor-widget-container\">\n\t\t\t\t\t\t\t\t\t\t\t\t\t\t\t<img decoding=\"async\" src=\"http:\/\/scg.amorosa.company\/wp-content\/uploads\/2021\/08\/about2-bg3.svg\" title=\"\" alt=\"\" loading=\"lazy\" \/>\t\t\t\t\t\t\t\t\t\t\t\t\t\t\t<\/div>\n\t\t\t\t<\/div>\n\t\t\t\t\t<\/div>\n\t\t<\/div>\n\t\t\t\t\t<\/div>\n\t\t<\/div>\n\t\t\t\t<div class=\"elementor-section elementor-top-section elementor-element elementor-element-664fc26 elementor-section-boxed elementor-section-height-default elementor-section-height-default e-parent\" data-id=\"664fc26\" data-element_type=\"section\">\n\t\t\t\t\t\t<div class=\"elementor-container elementor-column-gap-default\">\n\t\t\t\t\t<div class=\"elementor-column elementor-col-100 elementor-top-column elementor-element elementor-element-4419a8a lakit-col-width-auto-no\" data-id=\"4419a8a\" data-element_type=\"column\">\n\t\t\t<div class=\"elementor-widget-wrap elementor-element-populated\">\n\t\t\t\t\t\t<div class=\"elementor-element elementor-element-823887d elementor-widget elementor-widget-heading\" data-id=\"823887d\" data-element_type=\"widget\" data-widget_type=\"heading.default\">\n\t\t\t\t<div class=\"elementor-widget-container\">\n\t\t\t\t\t<h2 class=\"elementor-heading-title elementor-size-default\">Nuestros compromisos espec\u00edficos son:<\/h2>\t\t\t\t<\/div>\n\t\t\t\t<\/div>\n\t\t\t\t\t<\/div>\n\t\t<\/div>\n\t\t\t\t\t<\/div>\n\t\t<\/div>\n\t\t\t\t<div class=\"elementor-section elementor-top-section elementor-element elementor-element-665768e elementor-section-boxed elementor-section-height-default elementor-section-height-default e-parent\" data-id=\"665768e\" data-element_type=\"section\">\n\t\t\t\t\t\t<div class=\"elementor-container elementor-column-gap-custom\">\n\t\t\t\t\t<div class=\"elementor-column elementor-col-33 elementor-top-column elementor-element elementor-element-6ab3503 lakit-col-width-auto-no\" data-id=\"6ab3503\" data-element_type=\"column\">\n\t\t\t<div class=\"elementor-widget-wrap elementor-element-populated\">\n\t\t\t\t\t\t<div class=\"elementor-element elementor-element-737568f lakit-equal-height-enable elementor-invisible elementor-widget lastudio-kit elementor-lakit-icon-box\" data-id=\"737568f\" data-element_type=\"widget\" data-settings=\"{&quot;_animation&quot;:&quot;fadeInUp&quot;,&quot;_animation_delay&quot;:200}\" data-widget_type=\"lakit-icon-box.default\">\n\t\t\t\t\t<div class=\"lakit-iconbox lakit-iconbox__icon-align-top elementor-animation-\"><div class=\"lakit-iconbox__box_header elementor-animation-\"><div class=\"lakit-iconbox__box_icon icon_pos_top\"><svg xmlns=\"http:\/\/www.w3.org\/2000\/svg\" xmlns:xlink=\"http:\/\/www.w3.org\/1999\/xlink\" id=\"Capa_1\" x=\"0px\" y=\"0px\" viewbox=\"0 0 78.6 96.5\" style=\"enable-background:new 0 0 78.6 96.5;\" xml:space=\"preserve\"><style type=\"text\/css\">\t.st0{fill:#BABABA;stroke:#BABABA;stroke-miterlimit:10;}<\/style><g>\t<path class=\"st0\" d=\"M39.3,59.8c-5.6,0-10.8-2.2-14.8-6.1s-6.1-9.2-6.1-14.8s2.2-10.8,6.1-14.8S33.7,18,39.3,18s10.8,2.2,14.8,6.1   s6.1,9.2,6.1,14.8s-2.2,10.8-6.1,14.8S44.9,59.8,39.3,59.8z M39.3,22.7c-8.9,0-16.2,7.3-16.2,16.2c0,8.9,7.3,16.2,16.2,16.2   s16.2-7.3,16.2-16.2C55.5,30,48.2,22.7,39.3,22.7z\"><\/path>\t<polygon class=\"st0\" points=\"36.4,48.2 28.7,40.5 32,37.2 36.4,41.5 46.6,31.3 50,34.6  \"><\/polygon>\t<path class=\"st0\" d=\"M39.3,74.4c-1.5,0-3-0.4-4.4-1.1c-0.3-0.2-0.6-0.3-0.8-0.5c-0.5-0.3-1-0.7-1.4-1.1l-3.6-3.6   c-0.9-0.9-2-1.3-3.2-1.3h-5.1c-5.1,0-9.3-4.2-9.3-9.3v-5.1c0-1.2-0.5-2.4-1.3-3.2l-3.6-3.6c-3.6-3.6-3.6-9.5,0-13.2l3.6-3.6   c0.9-0.9,1.3-2,1.3-3.2v-5.1c0-5.1,4.2-9.3,9.3-9.3h5.1c1.2,0,2.4-0.5,3.2-1.3l3.6-3.6c3.6-3.6,9.5-3.6,13.2,0l3.6,3.6   c0.9,0.9,2,1.3,3.2,1.3h5.1c5.1,0,9.3,4.2,9.3,9.3v5.1c0,1.2,0.5,2.4,1.3,3.2l3.6,3.6c3.6,3.6,3.6,9.5,0,13.2l-3.6,3.6   c-0.9,0.9-1.3,2-1.3,3.2v5.1c0,5.1-4.2,9.3-9.3,9.3h-5.1c-1.2,0-2.4,0.5-3.2,1.3l-3.6,3.6c-0.4,0.4-0.9,0.8-1.4,1.1   c-0.3,0.2-0.5,0.3-0.8,0.5C42.3,74.1,40.8,74.4,39.3,74.4z M20.8,15.8c-2.5,0-4.6,2.1-4.6,4.6v5.1c0,2.5-1,4.8-2.7,6.6l-3.6,3.6   c-1.8,1.8-1.8,4.7,0,6.5l3.6,3.6c1.8,1.8,2.7,4.1,2.7,6.6v5.1c0,2.5,2.1,4.6,4.6,4.6h5.1c2.5,0,4.8,1,6.6,2.7l3.6,3.6   c0.2,0.2,0.4,0.4,0.7,0.6c0.1,0.1,0.3,0.2,0.4,0.2c1.4,0.7,3,0.7,4.3,0c0.1-0.1,0.3-0.2,0.4-0.2c0.2-0.2,0.5-0.4,0.7-0.6l3.6-3.6   c1.8-1.8,4.1-2.7,6.6-2.7h5.1c2.5,0,4.6-2.1,4.6-4.6v-5.1c0-2.5,1-4.8,2.7-6.6l3.6-3.6c1.8-1.8,1.8-4.7,0-6.5L65.1,32   c-1.8-1.8-2.7-4.1-2.7-6.6v-5.1c0-2.5-2.1-4.6-4.6-4.6h-5.1c-2.5,0-4.8-1-6.6-2.7l-3.6-3.6c-0.9-0.9-2-1.3-3.2-1.3   c-1.2,0-2.4,0.5-3.2,1.3L32.4,13c-1.8,1.8-4.1,2.7-6.6,2.7L20.8,15.8L20.8,15.8z\"><\/path>\t<path class=\"st0\" d=\"M29.4,93.1l-7.2-8.9L10.9,86l9.3-24h5.8c2.5,0,4.8,1,6.6,2.7l3.6,3.6c0.2,0.2,0.4,0.4,0.7,0.6l1.6,1L29.4,93.1   z M24.1,79.2l3.8,4.6l4.7-12.2l-3.5-3.5c-0.9-0.9-2-1.3-3.2-1.3h-2.5l-5.2,13.3L24.1,79.2z\"><\/path>\t<path class=\"st0\" d=\"M49.3,93.1l-9-23.1l1.6-1c0.2-0.2,0.5-0.3,0.7-0.6l3.6-3.6c1.8-1.8,4.1-2.7,6.6-2.7h5.8l9.3,24l-11.3-1.7   L49.3,93.1z M46,71.6l4.7,12.2l3.8-4.6l5.9,0.9l-5.2-13.3h-2.5c-1.2,0-2.4,0.5-3.2,1.3L46,71.6z\"><\/path><\/g><\/svg><\/div><\/div><div class=\"lakit-iconbox__box_body\"><h3 class=\"lakit-iconbox__title\">QUALITY<\/h3><div class=\"lakit-iconbox__desc\">Comply with the applicable requirements, ensuring that we maximize the satisfaction of our clients with respect to the agreed services and the times offered.<\/div><\/div><\/div>\t\t\t\t<\/div>\n\t\t\t\t\t<\/div>\n\t\t<\/div>\n\t\t\t\t<div class=\"elementor-column elementor-col-33 elementor-top-column elementor-element elementor-element-e90b55e lakit-col-width-auto-no\" data-id=\"e90b55e\" data-element_type=\"column\">\n\t\t\t<div class=\"elementor-widget-wrap elementor-element-populated\">\n\t\t\t\t\t\t<div class=\"elementor-element elementor-element-7b002bc lakit-equal-height-enable elementor-invisible elementor-widget lastudio-kit elementor-lakit-icon-box\" data-id=\"7b002bc\" data-element_type=\"widget\" data-settings=\"{&quot;_animation&quot;:&quot;fadeInUp&quot;,&quot;_animation_delay&quot;:400}\" data-widget_type=\"lakit-icon-box.default\">\n\t\t\t\t\t<div class=\"lakit-iconbox lakit-iconbox__icon-align-top elementor-animation-\"><div class=\"lakit-iconbox__box_header elementor-animation-\"><div class=\"lakit-iconbox__box_icon icon_pos_top\"><svg xmlns=\"http:\/\/www.w3.org\/2000\/svg\" xmlns:xlink=\"http:\/\/www.w3.org\/1999\/xlink\" id=\"Capa_1\" x=\"0px\" y=\"0px\" viewbox=\"0 0 78.6 96.5\" style=\"enable-background:new 0 0 78.6 96.5;\" xml:space=\"preserve\"><style type=\"text\/css\">\t.st0{fill:#BABABA;stroke:#BABABA;stroke-miterlimit:10;}<\/style><g>\t<g>\t\t<path class=\"st0\" d=\"M39.3,92.7c-0.4,0-0.8-0.1-1.1-0.2c0,0,0,0-0.1,0c-23.6-9.2-35-20.7-35-35V13.7c0-0.9,0.4-1.8,1.1-2.3    c0.7-0.6,1.6-0.8,2.5-0.6c3.8,0.8,8.8,0.8,13.8,0.1c8.4-1.2,14.4-4,16.6-6.2c0.9-0.9,2-1.1,3.3-0.7c0.4,0.2,0.8,0.4,1.1,0.8    c2.3,2.3,8.3,5,16.6,6.2c5,0.7,10.1,0.7,13.8-0.1c0.9-0.2,1.8,0,2.5,0.6s1.1,1.4,1.1,2.3v43.8c0,14.3-11.5,25.7-35.1,35l0,0    c-0.2,0.1-0.5,0.2-0.7,0.2C39.6,92.7,39.5,92.7,39.3,92.7C38.9,92.7,39.5,92.7,39.3,92.7z M9.1,17.2v40.3c0,11.4,9.9,20.8,30.2,29    c20.4-8.1,30.2-17.6,30.2-29V17.2c-3.7,0.4-8,0.2-12.3-0.4c-7.3-1-13.9-3.3-18-6.2c-4.1,2.9-10.7,5.2-18,6.2    C17,17.5,12.8,17.6,9.1,17.2z\"><\/path>\t<\/g><\/g><path class=\"st0\" d=\"M58.1,33.3c-1.7-1.7-4.4-3.3-8.2-3.2c-6.5,0.5-8.7,4.6-10.3,7.9c-1.6-3.4-4.2-8-11-7.9c-5.6,0.4-8.9,3.8-10.1,8  C17,43.3,18.9,49,21.2,52.3c2.4,3.4,5.9,6.1,9,8.8c3.3,2.8,5.3,3.9,9.5,7.3c4.1-3.8,10.6-7.8,15.9-13.4c2.4-2.6,4.6-5.4,5.3-10  C61.6,40.2,60.8,36.1,58.1,33.3z\"><\/path><\/svg><\/div><\/div><div class=\"lakit-iconbox__box_body\"><h3 class=\"lakit-iconbox__title\">HEALTH AND SAFETY AT WORK<\/h3><div class=\"lakit-iconbox__desc\">Protect the safety and health of all members of the organization during the development of our activities, by preventing occupational diseases, incidents and accidents related to work.<\/div><\/div><\/div>\t\t\t\t<\/div>\n\t\t\t\t\t<\/div>\n\t\t<\/div>\n\t\t\t\t<div class=\"elementor-column elementor-col-33 elementor-top-column elementor-element elementor-element-b448864 lakit-col-width-auto-no\" data-id=\"b448864\" data-element_type=\"column\">\n\t\t\t<div class=\"elementor-widget-wrap elementor-element-populated\">\n\t\t\t\t\t\t<div class=\"elementor-element elementor-element-1f5a71a lakit-equal-height-enable elementor-invisible elementor-widget lastudio-kit elementor-lakit-icon-box\" data-id=\"1f5a71a\" data-element_type=\"widget\" data-settings=\"{&quot;_animation&quot;:&quot;fadeInUp&quot;,&quot;_animation_delay&quot;:600}\" data-widget_type=\"lakit-icon-box.default\">\n\t\t\t\t\t<div class=\"lakit-iconbox lakit-iconbox__icon-align-top elementor-animation-\"><div class=\"lakit-iconbox__box_header elementor-animation-\"><div class=\"lakit-iconbox__box_icon icon_pos_top\"><svg xmlns=\"http:\/\/www.w3.org\/2000\/svg\" xmlns:xlink=\"http:\/\/www.w3.org\/1999\/xlink\" id=\"Capa_1\" x=\"0px\" y=\"0px\" viewbox=\"0 0 78.6 96.5\" style=\"enable-background:new 0 0 78.6 96.5;\" xml:space=\"preserve\"><style type=\"text\/css\">\t.st0{fill:#BABABA;stroke:#BABABA;stroke-miterlimit:10;}<\/style><g>\t<g>\t\t<g>\t\t\t<g>\t\t\t\t<g>\t\t\t\t\t<path class=\"st0\" d=\"M38.5,57.5c-4.4,0-8.6-1.3-12.2-3.7c-4.9-3.3-8.2-8.3-9.4-14c-1.2-5.8,0-11.7,3.3-16.6       c4.1-6.1,11-9.8,18.4-9.8c4.4,0,8.6,1.3,12.2,3.7c10.1,6.8,12.9,20.5,6.1,30.6C52.8,53.8,45.9,57.5,38.5,57.5z M38.5,16.5       c-6.3,0-12.2,3.1-15.7,8.4C20,29.1,19,34.2,20,39.1s3.8,9.2,8,12c3.1,2.1,6.7,3.2,10.5,3.2c6.3,0,12.2-3.1,15.7-8.4       c5.8-8.7,3.4-20.4-5.2-26.2C45.9,17.6,42.3,16.5,38.5,16.5z\"><\/path>\t\t\t\t<\/g>\t\t\t\t<g>\t\t\t\t\t<path class=\"st0\" d=\"M19,41c-0.3,0-0.6-0.1-0.9-0.3c-0.7-0.5-0.9-1.5-0.4-2.2l2.9-4.3c0.8-1.2,2.1-2.1,3.6-2.3       c1.5-0.3,3,0.1,4.2,1l0.9,0.6c0.4,0.3,0.9,0.5,1.4,0.5c1.3,0,2.3-1,2.3-2.3V30c0-2,1.3-3.7,3.2-4.2l4.9-1.4       c0.5-0.2,0.9-0.6,0.9-1.2v-6.9c0-0.9,0.7-1.6,1.6-1.6s1.6,0.7,1.6,1.6v6.9c0,2-1.3,3.7-3.2,4.2l-4.9,1.4       c-0.5,0.2-0.9,0.6-0.9,1.2v1.7c0,3-2.4,5.4-5.4,5.4c-1.2,0-2.3-0.4-3.3-1.1l-0.9-0.6c-0.5-0.4-1.1-0.5-1.7-0.4s-1.2,0.5-1.5,1       l-2.9,4.3C20,40.7,19.5,41,19,41z\"><\/path>\t\t\t\t<\/g>\t\t\t\t<g>\t\t\t\t\t<path class=\"st0\" d=\"M53.7,50c-0.6,0-1.1-0.3-1.4-0.9L50,44.5c0-0.1-0.1-0.2-0.2-0.2l-3.2-1.9c-1.1-0.6-1.7-1.7-1.8-3       c-0.1-1.2,0.5-2.4,1.5-3.1l1.1-0.8c0.2-0.2,0.3-0.5,0.1-0.7c-0.6-0.9-0.8-2.1-0.4-3.2c0.3-1.1,1.2-1.9,2.2-2.3l7.8-2.9       c0.8-0.3,1.7,0.1,2,0.9s-0.1,1.7-0.9,2l-7.8,2.9c-0.2,0.1-0.3,0.2-0.3,0.3s-0.1,0.3,0.1,0.4c1.1,1.6,0.7,3.8-0.9,5l-1.1,0.8       C48,38.9,48,39.1,48,39.2c0,0.1,0,0.3,0.3,0.4l3.2,1.9c0.6,0.4,1.1,0.9,1.4,1.5l2.3,4.6c0.4,0.8,0.1,1.7-0.7,2.1       C54.2,49.9,54,50,53.7,50z\"><\/path>\t\t\t\t<\/g>\t\t\t\t<g>\t\t\t\t\t<path class=\"st0\" d=\"M44.7,56.4c-0.4,0-0.8-0.2-1.1-0.5l-4.1-4.1c-1.1-1.1-1.4-2.6-0.9-4c0.1-0.3,0-0.5-0.1-0.6       s-0.2-0.3-0.5-0.4l-0.7-0.1c-1.4-0.3-2.8,0.2-3.7,1.3l-4.4,5.2c-0.6,0.7-1.6,0.8-2.2,0.2c-0.7-0.6-0.8-1.6-0.2-2.2l4.4-5.2       c1.6-2,4.2-2.9,6.8-2.4l0.7,0.1c1.1,0.2,2.1,0.9,2.6,1.9c0.6,1,0.7,2.1,0.3,3.2c-0.1,0.3,0,0.6,0.2,0.8l4.1,4.1       c0.6,0.6,0.6,1.6,0,2.2C45.5,56.3,45.1,56.4,44.7,56.4z\"><\/path>\t\t\t\t<\/g>\t\t\t\t<g>\t\t\t\t\t<path class=\"st0\" d=\"M24.1,29.4c-0.8,0-1.5-0.6-1.6-1.4c-0.1-0.9,0.5-1.7,1.4-1.8c0.8-0.1,3.8-0.8,3.8-2.2       c-0.1-1.6,0.6-2.6,1.2-3.2c1.6-1.5,4.2-1.1,4.5-1.1c0.9,0.1,1.5,0.9,1.3,1.8c-0.1,0.9-0.9,1.5-1.8,1.3c-0.6-0.1-1.6,0-1.9,0.3       c0,0-0.2,0.2-0.1,0.6c0.2,3.7-4,5.2-6.5,5.5C24.3,29.4,24.2,29.4,24.1,29.4z\"><\/path>\t\t\t\t<\/g>\t\t\t\t<g>\t\t\t\t\t<path class=\"st0\" d=\"M23.1,46.1L23.1,46.1L20,45.6c0-0.2,0.9-5.3,9.1-6.5c5.6-0.8,6.4-2.7,6.4-2.7c0,0.1,0,0.1,0,0.1l3.1,0.7       c-0.1,0.7-1.3,4-9.1,5.1C23.8,43,23.1,46,23.1,46.1z\"><\/path>\t\t\t\t<\/g>\t\t\t\t<g>\t\t\t\t\t<path class=\"st0\" d=\"M53.7,39.7c-0.5,0-1-0.2-1.3-0.7c-1.4-2.1-0.3-5-0.2-5.3c0.3-0.8,1.2-1.2,2.1-0.9c0.8,0.3,1.2,1.2,0.9,2.1       c-0.3,0.7-0.5,1.9-0.2,2.4c0.5,0.7,0.3,1.7-0.4,2.2C54.4,39.6,54,39.7,53.7,39.7z\"><\/path>\t\t\t\t<\/g>\t\t\t<\/g>\t\t\t<g>\t\t\t\t<path class=\"st0\" d=\"M56.3,89.5H42.4c-0.9,0-1.6-0.7-1.6-1.6v-16c0-0.5,0.2-0.9,0.6-1.2l18.2-15.3c1.4-1.1,3.2-1.5,4.8-0.9V40.9      c0-2.9,2.4-5.3,5.3-5.3S75,38,75,40.9v24.6c0,0.5-0.2,0.9-0.5,1.2L57.9,81.2v6.7C57.9,88.8,57.2,89.5,56.3,89.5z M44,86.3h10.7      v-5.9c0-0.5,0.2-0.9,0.5-1.2l16.6-14.5V40.9c0-1.2-1-2.2-2.2-2.2s-2.2,1-2.2,2.2v16.6c0.2,0.5,0.3,1,0.3,1.5      c0,1.5-0.5,2.9-1.6,3.9L56.3,72c-0.6,0.6-1.6,0.5-2.2-0.1c-0.6-0.6-0.5-1.6,0.1-2.2l9.9-9.1c0.4-0.4,0.6-0.9,0.6-1.4      c0-0.1,0-0.2,0-0.3c-0.1-0.2-0.2-0.4-0.2-0.6c-0.1-0.2-0.3-0.3-0.4-0.5c-0.7-0.6-1.7-0.5-2.4,0L44,72.7V86.3L44,86.3z\"><\/path>\t\t\t<\/g>\t\t\t<g>\t\t\t\t<path class=\"st0\" d=\"M34.7,89.5h-14c-0.9,0-1.6-0.7-1.6-1.6v-6.7L2.6,66.7C2.2,66.4,2,66,2,65.5V40.9c0-2.9,2.4-5.3,5.3-5.3      s5.3,2.4,5.3,5.3v13.6c1.6-0.5,3.5-0.2,4.8,0.9l18.2,15.3c0.4,0.3,0.6,0.7,0.6,1.2v16C36.2,88.8,35.5,89.5,34.7,89.5z       M22.3,86.3H33V72.7L15.5,57.8c-0.7-0.6-1.7-0.6-2.4,0c-0.2,0.1-0.3,0.3-0.4,0.5c0,0.2-0.1,0.4-0.2,0.6c0,0.1,0,0.2,0,0.3      c0,0.6,0.2,1.1,0.6,1.4l9.9,9.1c0.6,0.6,0.7,1.6,0.1,2.2s-1.6,0.7-2.2,0.1l-10-9c-1.1-1-1.7-2.4-1.6-3.9c0-0.5,0.1-1,0.3-1.5      V40.9c0-1.2-1-2.2-2.2-2.2s-2.2,1-2.2,2.2v23.9l16.6,14.5c0.3,0.3,0.5,0.7,0.5,1.2V86.3z\"><\/path>\t\t\t<\/g>\t\t\t<g>\t\t\t\t<path class=\"st0\" d=\"M71.8,89.5H5.2c-0.9,0-1.6-0.7-1.6-1.6s0.7-1.6,1.6-1.6h66.6c0.9,0,1.6,0.7,1.6,1.6      C73.4,88.8,72.7,89.5,71.8,89.5z\"><\/path>\t\t\t<\/g>\t\t\t<g>\t\t\t\t<path class=\"st0\" d=\"M6.8,30.8C4.2,30.8,2,28.7,2,26s2.1-4.8,4.8-4.8s4.8,2.1,4.8,4.8S9.4,30.8,6.8,30.8z M6.8,24.5      c-0.9,0-1.6,0.7-1.6,1.6s0.7,1.6,1.6,1.6s1.6-0.7,1.6-1.6S7.7,24.5,6.8,24.5z\"><\/path>\t\t\t<\/g>\t\t\t<g>\t\t\t\t<path class=\"st0\" d=\"M71,26.1c-3.1,0-5.6-2.5-5.6-5.6s2.5-5.6,5.6-5.6s5.6,2.5,5.6,5.6S74.1,26.1,71,26.1z M71,18.1      c-1.3,0-2.4,1.1-2.4,2.4s1.1,2.4,2.4,2.4s2.4-1.1,2.4-2.4S72.4,18.1,71,18.1z\"><\/path>\t\t\t<\/g>\t\t<\/g>\t<\/g><\/g><\/svg><\/div><\/div><div class=\"lakit-iconbox__box_body\"><h3 class=\"lakit-iconbox__title\">ENVIRONMENT<\/h3><div class=\"lakit-iconbox__desc\">Protect the environment and prevent pollution that could be generated during the development of our activities, using resources and supplies rationally.<\/div><\/div><\/div>\t\t\t\t<\/div>\n\t\t\t\t\t<\/div>\n\t\t<\/div>\n\t\t\t\t\t<\/div>\n\t\t<\/div>\n\t\t\t\t<\/div>","protected":false},"excerpt":{"rendered":"<p>Pol\u00edticas Pol\u00edtica De Calidad, Seguridad Y Salud En El Trabajo Y Medio Ambiente Somos una empresa consultora internacional especializada en la gesti\u00f3n social de riesgos y oportunidades asociados a proyectos complejos de inversi\u00f3n. Nuestros compromisos generales son: [&hellip;]<\/p>\n","protected":false},"author":4,"featured_media":0,"parent":0,"menu_order":0,"comment_status":"closed","ping_status":"closed","template":"","meta":{"footnotes":"","_joinchat":[]},"yoast_head":"<!-- This site is optimized with the Yoast SEO plugin v23.2 - https:\/\/yoast.com\/wordpress\/plugins\/seo\/ -->\n<title>Pol\u00edticas<\/title>\n<meta name=\"robots\" content=\"index, follow, max-snippet:-1, max-image-preview:large, max-video-preview:-1\" \/>\n<link rel=\"canonical\" href=\"https:\/\/s-c-g.net\/en\/policies\/\" \/>\n<meta property=\"og:locale\" content=\"en_US\" \/>\n<meta property=\"og:type\" content=\"article\" \/>\n<meta property=\"og:title\" content=\"Pol\u00edticas\" \/>\n<meta property=\"og:description\" content=\"Pol\u00edticas Pol\u00edtica De Calidad, Seguridad Y Salud En El Trabajo Y Medio Ambiente Somos una empresa consultora internacional especializada en la gesti\u00f3n social de riesgos y oportunidades asociados a proyectos complejos de inversi\u00f3n. Nuestros compromisos generales son: [&hellip;]\" \/>\n<meta property=\"og:url\" content=\"https:\/\/s-c-g.net\/en\/policies\/\" \/>\n<meta property=\"og:site_name\" content=\"SCG\" \/>\n<meta property=\"article:publisher\" content=\"https:\/\/www.facebook.com\/SocialCapitalGroup.SCG\/\" \/>\n<meta property=\"article:modified_time\" content=\"2021-11-03T21:57:04+00:00\" \/>\n<meta property=\"og:image\" content=\"https:\/\/scg.amorosa.company\/wp-content\/uploads\/2021\/08\/about2-bg3.svg\" \/>\n<meta name=\"twitter:card\" content=\"summary_large_image\" \/>\n<meta name=\"twitter:label1\" content=\"Est. reading time\" \/>\n\t<meta name=\"twitter:data1\" content=\"1 minute\" \/>\n<script type=\"application\/ld+json\" class=\"yoast-schema-graph\">{\"@context\":\"https:\/\/schema.org\",\"@graph\":[{\"@type\":\"WebPage\",\"@id\":\"https:\/\/s-c-g.net\/politicas\/\",\"url\":\"https:\/\/s-c-g.net\/politicas\/\",\"name\":\"Pol\u00edticas\",\"isPartOf\":{\"@id\":\"https:\/\/s-c-g.net\/#website\"},\"primaryImageOfPage\":{\"@id\":\"https:\/\/s-c-g.net\/politicas\/#primaryimage\"},\"image\":{\"@id\":\"https:\/\/s-c-g.net\/politicas\/#primaryimage\"},\"thumbnailUrl\":\"https:\/\/scg.amorosa.company\/wp-content\/uploads\/2021\/08\/about2-bg3.svg\",\"datePublished\":\"2021-10-13T18:05:02+00:00\",\"dateModified\":\"2021-11-03T21:57:04+00:00\",\"breadcrumb\":{\"@id\":\"https:\/\/s-c-g.net\/politicas\/#breadcrumb\"},\"inLanguage\":\"en-US\",\"potentialAction\":[{\"@type\":\"ReadAction\",\"target\":[\"https:\/\/s-c-g.net\/politicas\/\"]}]},{\"@type\":\"ImageObject\",\"inLanguage\":\"en-US\",\"@id\":\"https:\/\/s-c-g.net\/politicas\/#primaryimage\",\"url\":\"https:\/\/scg.amorosa.company\/wp-content\/uploads\/2021\/08\/about2-bg3.svg\",\"contentUrl\":\"https:\/\/scg.amorosa.company\/wp-content\/uploads\/2021\/08\/about2-bg3.svg\"},{\"@type\":\"BreadcrumbList\",\"@id\":\"https:\/\/s-c-g.net\/politicas\/#breadcrumb\",\"itemListElement\":[{\"@type\":\"ListItem\",\"position\":1,\"name\":\"Portada\",\"item\":\"https:\/\/s-c-g.net\/\"},{\"@type\":\"ListItem\",\"position\":2,\"name\":\"Pol\u00edticas\"}]},{\"@type\":\"WebSite\",\"@id\":\"https:\/\/s-c-g.net\/#website\",\"url\":\"https:\/\/s-c-g.net\/\",\"name\":\"SCG\",\"description\":\"\",\"publisher\":{\"@id\":\"https:\/\/s-c-g.net\/#organization\"},\"potentialAction\":[{\"@type\":\"SearchAction\",\"target\":{\"@type\":\"EntryPoint\",\"urlTemplate\":\"https:\/\/s-c-g.net\/?s={search_term_string}\"},\"query-input\":\"required name=search_term_string\"}],\"inLanguage\":\"en-US\"},{\"@type\":\"Organization\",\"@id\":\"https:\/\/s-c-g.net\/#organization\",\"name\":\"Social Capital Group\",\"url\":\"https:\/\/s-c-g.net\/\",\"logo\":{\"@type\":\"ImageObject\",\"inLanguage\":\"en-US\",\"@id\":\"https:\/\/s-c-g.net\/#\/schema\/logo\/image\/\",\"url\":\"https:\/\/s-c-g.net\/wp-content\/uploads\/2024\/06\/Logo-SCG-Site.png\",\"contentUrl\":\"https:\/\/s-c-g.net\/wp-content\/uploads\/2024\/06\/Logo-SCG-Site.png\",\"width\":170,\"height\":170,\"caption\":\"Social Capital Group\"},\"image\":{\"@id\":\"https:\/\/s-c-g.net\/#\/schema\/logo\/image\/\"},\"sameAs\":[\"https:\/\/www.facebook.com\/SocialCapitalGroup.SCG\/\"]}]}<\/script>\n<!-- \/ Yoast SEO plugin. -->","yoast_head_json":{"title":"Politics","robots":{"index":"index","follow":"follow","max-snippet":"max-snippet:-1","max-image-preview":"max-image-preview:large","max-video-preview":"max-video-preview:-1"},"canonical":"https:\/\/s-c-g.net\/en\/policies\/","og_locale":"en_US","og_type":"article","og_title":"Pol\u00edticas","og_description":"Pol\u00edticas Pol\u00edtica De Calidad, Seguridad Y Salud En El Trabajo Y Medio Ambiente Somos una empresa consultora internacional especializada en la gesti\u00f3n social de riesgos y oportunidades asociados a proyectos complejos de inversi\u00f3n. Nuestros compromisos generales son: [&hellip;]","og_url":"https:\/\/s-c-g.net\/en\/policies\/","og_site_name":"SCG","article_publisher":"https:\/\/www.facebook.com\/SocialCapitalGroup.SCG\/","article_modified_time":"2021-11-03T21:57:04+00:00","og_image":[{"url":"https:\/\/scg.amorosa.company\/wp-content\/uploads\/2021\/08\/about2-bg3.svg"}],"twitter_card":"summary_large_image","twitter_misc":{"Est. reading time":"1 minute"},"schema":{"@context":"https:\/\/schema.org","@graph":[{"@type":"WebPage","@id":"https:\/\/s-c-g.net\/politicas\/","url":"https:\/\/s-c-g.net\/politicas\/","name":"Politics","isPartOf":{"@id":"https:\/\/s-c-g.net\/#website"},"primaryImageOfPage":{"@id":"https:\/\/s-c-g.net\/politicas\/#primaryimage"},"image":{"@id":"https:\/\/s-c-g.net\/politicas\/#primaryimage"},"thumbnailUrl":"https:\/\/scg.amorosa.company\/wp-content\/uploads\/2021\/08\/about2-bg3.svg","datePublished":"2021-10-13T18:05:02+00:00","dateModified":"2021-11-03T21:57:04+00:00","breadcrumb":{"@id":"https:\/\/s-c-g.net\/politicas\/#breadcrumb"},"inLanguage":"en-US","potentialAction":[{"@type":"ReadAction","target":["https:\/\/s-c-g.net\/politicas\/"]}]},{"@type":"ImageObject","inLanguage":"en-US","@id":"https:\/\/s-c-g.net\/politicas\/#primaryimage","url":"https:\/\/scg.amorosa.company\/wp-content\/uploads\/2021\/08\/about2-bg3.svg","contentUrl":"https:\/\/scg.amorosa.company\/wp-content\/uploads\/2021\/08\/about2-bg3.svg"},{"@type":"BreadcrumbList","@id":"https:\/\/s-c-g.net\/politicas\/#breadcrumb","itemListElement":[{"@type":"ListItem","position":1,"name":"Portada","item":"https:\/\/s-c-g.net\/"},{"@type":"ListItem","position":2,"name":"Pol\u00edticas"}]},{"@type":"WebSite","@id":"https:\/\/s-c-g.net\/#website","url":"https:\/\/s-c-g.net\/","name":"SCG","description":"","publisher":{"@id":"https:\/\/s-c-g.net\/#organization"},"potentialAction":[{"@type":"SearchAction","target":{"@type":"EntryPoint","urlTemplate":"https:\/\/s-c-g.net\/?s={search_term_string}"},"query-input":"required name=search_term_string"}],"inLanguage":"en-US"},{"@type":"Organization","@id":"https:\/\/s-c-g.net\/#organization","name":"Social Capital Group","url":"https:\/\/s-c-g.net\/","logo":{"@type":"ImageObject","inLanguage":"en-US","@id":"https:\/\/s-c-g.net\/#\/schema\/logo\/image\/","url":"https:\/\/s-c-g.net\/wp-content\/uploads\/2024\/06\/Logo-SCG-Site.png","contentUrl":"https:\/\/s-c-g.net\/wp-content\/uploads\/2024\/06\/Logo-SCG-Site.png","width":170,"height":170,"caption":"Social Capital Group"},"image":{"@id":"https:\/\/s-c-g.net\/#\/schema\/logo\/image\/"},"sameAs":["https:\/\/www.facebook.com\/SocialCapitalGroup.SCG\/"]}]}},"_links":{"self":[{"href":"https:\/\/s-c-g.net\/en\/wp-json\/wp\/v2\/pages\/7518"}],"collection":[{"href":"https:\/\/s-c-g.net\/en\/wp-json\/wp\/v2\/pages"}],"about":[{"href":"https:\/\/s-c-g.net\/en\/wp-json\/wp\/v2\/types\/page"}],"author":[{"embeddable":true,"href":"https:\/\/s-c-g.net\/en\/wp-json\/wp\/v2\/users\/4"}],"replies":[{"embeddable":true,"href":"https:\/\/s-c-g.net\/en\/wp-json\/wp\/v2\/comments?post=7518"}],"version-history":[{"count":0,"href":"https:\/\/s-c-g.net\/en\/wp-json\/wp\/v2\/pages\/7518\/revisions"}],"wp:attachment":[{"href":"https:\/\/s-c-g.net\/en\/wp-json\/wp\/v2\/media?parent=7518"}],"curies":[{"name":"wp","href":"https:\/\/api.w.org\/{rel}","templated":true}]}}