{"id":9644,"date":"2021-12-07T11:08:48","date_gmt":"2021-12-07T14:08:48","guid":{"rendered":"https:\/\/scg.amorosa.company\/?page_id=9644"},"modified":"2021-12-07T18:33:29","modified_gmt":"2021-12-07T21:33:29","slug":"implementacion-y-outsourcing","status":"publish","type":"page","link":"https:\/\/s-c-g.net\/pt\/implementacao-e-terceirizacao\/","title":{"rendered":"Implementa\u00e7\u00e3o e Terceiriza\u00e7\u00e3o"},"content":{"rendered":"<div data-elementor-type=\"wp-page\" data-elementor-id=\"9644\" class=\"elementor elementor-9644\">\n\t\t\t\t\t\t<div class=\"elementor-section elementor-top-section elementor-element elementor-element-6895d3d elementor-section-full_width elementor-section-height-full elementor-section-height-default elementor-section-items-middle e-parent\" data-id=\"6895d3d\" data-element_type=\"section\" data-settings=\"{&quot;background_background&quot;:&quot;classic&quot;}\">\n\t\t\t\t\t\t<div class=\"elementor-container elementor-column-gap-default\">\n\t\t\t\t\t<div class=\"elementor-column elementor-col-100 elementor-top-column elementor-element elementor-element-975b549 lakit-col-width-auto-no\" data-id=\"975b549\" data-element_type=\"column\">\n\t\t\t<div class=\"elementor-widget-wrap elementor-element-populated\">\n\t\t\t\t\t\t<div class=\"elementor-section elementor-inner-section elementor-element elementor-element-feedd3e elementor-section-boxed elementor-section-height-default elementor-section-height-default\" data-id=\"feedd3e\" data-element_type=\"section\">\n\t\t\t\t\t\t<div class=\"elementor-container elementor-column-gap-default\">\n\t\t\t\t\t<div class=\"elementor-column elementor-col-33 elementor-inner-column elementor-element elementor-element-f303cf0 lakit-col-width-auto-no\" data-id=\"f303cf0\" data-element_type=\"column\">\n\t\t\t<div class=\"elementor-widget-wrap elementor-element-populated\">\n\t\t\t\t\t\t<div class=\"elementor-element elementor-element-5baa41b elementor-widget elementor-widget-image\" data-id=\"5baa41b\" data-element_type=\"widget\" data-widget_type=\"image.default\">\n\t\t\t\t<div class=\"elementor-widget-container\">\n\t\t\t\t\t\t\t\t\t\t\t\t\t\t\t<img decoding=\"async\" src=\"https:\/\/s-c-g.net\/es\/wp-content\/uploads\/2021\/12\/Icono_Implementacion.jpg\" title=\"\" alt=\"\" loading=\"lazy\" \/>\t\t\t\t\t\t\t\t\t\t\t\t\t\t\t<\/div>\n\t\t\t\t<\/div>\n\t\t\t\t\t<\/div>\n\t\t<\/div>\n\t\t\t\t<div class=\"elementor-column elementor-col-66 elementor-inner-column elementor-element elementor-element-71858cf lakit-col-width-auto-no\" data-id=\"71858cf\" data-element_type=\"column\">\n\t\t\t<div class=\"elementor-widget-wrap elementor-element-populated\">\n\t\t\t\t\t\t<div class=\"elementor-element elementor-element-e9165f8 elementor-widget elementor-widget-heading\" data-id=\"e9165f8\" data-element_type=\"widget\" data-widget_type=\"heading.default\">\n\t\t\t\t<div class=\"elementor-widget-container\">\n\t\t\t\t\t<h2 class=\"elementor-heading-title elementor-size-default\">Implementa\u00e7\u00e3o e Terceiriza\u00e7\u00e3o<\/h2>\t\t\t\t<\/div>\n\t\t\t\t<\/div>\n\t\t\t\t\t<\/div>\n\t\t<\/div>\n\t\t\t\t\t<\/div>\n\t\t<\/div>\n\t\t\t\t\t<\/div>\n\t\t<\/div>\n\t\t\t\t\t<\/div>\n\t\t<\/div>\n\t\t\t\t<div class=\"elementor-section elementor-top-section elementor-element elementor-element-7799b38 elementor-section-boxed elementor-section-height-default elementor-section-height-default e-parent\" data-id=\"7799b38\" data-element_type=\"section\">\n\t\t\t\t\t\t<div class=\"elementor-container elementor-column-gap-default\">\n\t\t\t\t\t<div class=\"elementor-column elementor-col-100 elementor-top-column elementor-element elementor-element-5cd7b85 lakit-col-width-auto-no\" data-id=\"5cd7b85\" data-element_type=\"column\">\n\t\t\t<div class=\"elementor-widget-wrap elementor-element-populated\">\n\t\t\t\t\t\t<div class=\"elementor-element elementor-element-e2f1df9 elementor-widget elementor-widget-text-editor\" data-id=\"e2f1df9\" data-element_type=\"widget\" data-widget_type=\"text-editor.default\">\n\t\t\t\t<div class=\"elementor-widget-container\">\n\t\t\t\t\t\t\t\t\t<p style=\"text-align: justify;\">Hemos implementado para nuestros clientes actividades relacionadas con todos los aspectos de la gesti\u00f3n social. Ponemos a disposici\u00f3n de nuestros clientes equipos especializados y capacitados para desarrollar programas de reasentamiento, negociaci\u00f3n predial, fortalecimiento de negocios locales, participaci\u00f3n ciudadana, relaciones comunitarias, inversi\u00f3n social y manejo de la informaci\u00f3n. Como parte de la implementaci\u00f3n de estos programas, desarrollamos planes de comunicaci\u00f3n, manejo de redes e imagen.<\/p>\t\t\t\t\t\t\t\t<\/div>\n\t\t\t\t<\/div>\n\t\t\t\t<div class=\"elementor-element elementor-element-a726242 mttabcontrolisselect-yes mbtabcontrolisselect-yes elementor-widget elementor-widget-lastudio-tabs\" data-id=\"a726242\" data-element_type=\"widget\" data-widget_type=\"lastudio-tabs.default\">\n\t\t\t\t<div class=\"elementor-widget-container\">\n\t\t\t\t\t        <div class=\"lastudio-tabs lastudio-tabs-position-left lastudio-tabs-move-up-effect lastudio-tabs-position-mobile-top\" data-settings=\"{&quot;activeIndex&quot;:0,&quot;event&quot;:&quot;click&quot;,&quot;autoSwitch&quot;:false,&quot;autoSwitchDelay&quot;:3000}\">\n            <div class=\"lastudio-tabs__control-wrapper\">\n                <div id=\"lastudio-tabs-control-1751\" class=\"lastudio-tabs__control lastudio-tabs__control-icon-left active-tab\" data-tab=\"1\" tabindex=\"1751\"><div class=\"lastudio-tabs__control-inner\"><div class=\"lastudio-tabs__label-text\">Reasentamiento y Adquisici\u00f3n de Tierras<\/div><\/div><\/div><div id=\"lastudio-tabs-control-1752\" class=\"lastudio-tabs__control lastudio-tabs__control-icon-left\" data-tab=\"2\" tabindex=\"1752\"><div class=\"lastudio-tabs__control-inner\"><div class=\"lastudio-tabs__label-text\">Rela\u00e7\u00f5es Comunit\u00e1rias<\/div><\/div><\/div><div id=\"lastudio-tabs-control-1753\" class=\"lastudio-tabs__control lastudio-tabs__control-icon-left\" data-tab=\"3\" tabindex=\"1753\"><div class=\"lastudio-tabs__control-inner\"><div class=\"lastudio-tabs__label-text\">Gesti\u00f3n de Oportunidades Locales (GOL Negocios)<\/div><\/div><\/div><div id=\"lastudio-tabs-control-1754\" class=\"lastudio-tabs__control lastudio-tabs__control-icon-left\" data-tab=\"4\" tabindex=\"1754\"><div class=\"lastudio-tabs__control-inner\"><div class=\"lastudio-tabs__label-text\">Gesti\u00f3n de Oportunidades Locales (GOL Empleo)<\/div><\/div><\/div><div id=\"lastudio-tabs-control-1755\" class=\"lastudio-tabs__control lastudio-tabs__control-icon-left\" data-tab=\"5\" tabindex=\"1755\"><div class=\"lastudio-tabs__control-inner\"><div class=\"lastudio-tabs__label-text\">Procesos de Participaci\u00f3n Ciudadana y Consulta<\/div><\/div><\/div><div id=\"lastudio-tabs-control-1756\" class=\"lastudio-tabs__control lastudio-tabs__control-icon-left\" data-tab=\"6\" tabindex=\"1756\"><div class=\"lastudio-tabs__control-inner\"><div class=\"lastudio-tabs__label-text\">Sistemas de Informaci\u00f3n Social<\/div><\/div><\/div>                <div class=\"lastudio-tabs__control-wrapper-mobile\"><a href=\"#\" rel=\"nofollow\" target=\"_self\"><\/a><\/div>\n            <\/div>\n            <div class=\"lastudio-tabs__content-wrapper\">\n                <div id=\"lastudio-tabs-content-1751\" class=\"lastudio-tabs__content active-content\" data-tab=\"1\"><h2>Reasentamiento y Adquisici\u00f3n de Tierras<\/h2>\n<p style=\"text-align: justify;\">Hemos participado como evaluadores, asesores estrat\u00e9gicos y ejecutores de diversos servicios relacionados al reasentamiento de poblaciones y adquisici\u00f3n de tierras. Nuestra experiencia abarca tanto el contexto rural como el urbano, tanto para proyectos extractivos como de infraestructura. La implementaci\u00f3n de estos procesos incluye la participaci\u00f3n y consulta con la poblaci\u00f3n involucrada y la aplicaci\u00f3n de est\u00e1ndares internacionales. Hemos logrado procesos de reasentamiento exitosos con poblaciones vulnerables como comunidades ind\u00edgenas, pescadores artesanales y poblaci\u00f3n urbana en situaci\u00f3n precaria.<\/p><\/div><div id=\"lastudio-tabs-content-1752\" class=\"lastudio-tabs__content\" data-tab=\"2\"><h2>Rela\u00e7\u00f5es Comunit\u00e1rias<\/h2>\n<p style=\"text-align: justify;\">Muchos de nuestros clientes solicitan la presencia de un equipo de SCG en campo para implementar actividades de relacionamiento y negociaci\u00f3n con sus grupos de inter\u00e9s, procesos de consulta y comunicaci\u00f3n y programas sociales espec\u00edficos. Nuestro servicio incluye un Sistema de Gesti\u00f3n Social y de Informaci\u00f3n Integrado que cumple con los requisitos del cliente y las buenas pr\u00e1cticas internacionales, y que permite generar reportes en tiempo real. Hemos implementado relaciones comunitarias para el desarrollo de proyectos del sector minero, de hidrocarburos, energ\u00e9tico y de infraestructura.<\/p><\/div><div id=\"lastudio-tabs-content-1753\" class=\"lastudio-tabs__content\" data-tab=\"3\"><h2>Gesti\u00f3n de Oportunidades Locales (GOL Negocios)<\/h2>\n<p style=\"text-align: justify;\">El Programa GOL promueve la inclusi\u00f3n econ\u00f3mica de la poblaci\u00f3n vecina a un emprendimiento econ\u00f3mico. Para ello, identifica las oportunidades comerciales y productivas generadas por el proyecto y desarrolla actividades de capacitaci\u00f3n y acompa\u00f1amiento t\u00e9cnico con negocios y proveedores locales para que puedan aprovechar estas oportunidades. El programa busca evitar la dependencia hacia el proyecto, promover la inclusi\u00f3n en otros mercados y aprovechar fondos y recursos disponibles en programas del Estado.<\/p><\/div><div id=\"lastudio-tabs-content-1754\" class=\"lastudio-tabs__content\" data-tab=\"4\"><h2>Gesti\u00f3n de Oportunidades Locales (GOL Empleo)<\/h2>\n<p style=\"text-align: justify;\">A trav\u00e9s de este servicio, hemos colaborado con nuestros clientes en la administraci\u00f3n del empleo local. Esto ha incluido apoyar en el dise\u00f1o e implementaci\u00f3n de programas de capacitaci\u00f3n que integren las necesidades de los proyectos, las oportunidades laborales existentes y las caracter\u00edsticas educativas de la poblaci\u00f3n. Tambi\u00e9n hemos realizado procesos de empadronamiento laboral participativos, como insumos para la organizaci\u00f3n y distribuci\u00f3n de las oportunidades de empleo local evitando la generaci\u00f3n de conflictos.<\/p><\/div><div id=\"lastudio-tabs-content-1755\" class=\"lastudio-tabs__content\" data-tab=\"5\"><h2>Procesos de Participaci\u00f3n Ciudadana y Consulta<\/h2>\n<p style=\"text-align: justify;\">SCG dise\u00f1amos e implementamos procesos de consulta en campo que permitan involucrar positivamente a la poblaci\u00f3n en el desarrollo de un proyecto y a la vez cumplir con los requerimientos de las leyes nacionales y los est\u00e1ndares internacionales. Como parte de estos procesos hemos realizado audiencias p\u00fablicas exitosas en contextos sociales complejos, aplicando herramientas de comunicaci\u00f3n dirigidas a p\u00fablicos diversos, desde funcionarios del Estado hasta pueblos ind\u00edgenas.<\/p><\/div><div id=\"lastudio-tabs-content-1756\" class=\"lastudio-tabs__content\" data-tab=\"6\"><h2>Sistemas de Informaci\u00f3n Social<\/h2>\n<p style=\"text-align: justify;\">SCG dise\u00f1amos e implementamos procesos de consulta en campo que permitan involucrar positivamente a la poblaci\u00f3n en el desarrollo de un proyecto y a la vez cumplir con los requerimientos de las leyes nacionales y los est\u00e1ndares internacionales. Como parte de estos procesos hemos realizado audiencias p\u00fablicas exitosas en contextos sociales complejos, aplicando herramientas de comunicaci\u00f3n dirigidas a p\u00fablicos diversos, desde funcionarios del Estado hasta pueblos ind\u00edgenas.<\/p><\/div>            <\/div>\n        <\/div>\n        \t\t\t\t<\/div>\n\t\t\t\t<\/div>\n\t\t\t\t\t<\/div>\n\t\t<\/div>\n\t\t\t\t\t<\/div>\n\t\t<\/div>\n\t\t\t\t<\/div>","protected":false},"excerpt":{"rendered":"<p>Implementaci\u00f3n Y Outsourcing Hemos implementado para nuestros clientes actividades relacionadas con todos los aspectos de la gesti\u00f3n social. Ponemos a disposici\u00f3n de nuestros clientes equipos especializados y capacitados para desarrollar programas de reasentamiento, negociaci\u00f3n predial, fortalecimiento de [&hellip;]<\/p>\n","protected":false},"author":4,"featured_media":0,"parent":0,"menu_order":0,"comment_status":"closed","ping_status":"closed","template":"","meta":{"footnotes":"","_joinchat":[]},"yoast_head":"<!-- This site is optimized with the Yoast SEO plugin v23.2 - https:\/\/yoast.com\/wordpress\/plugins\/seo\/ -->\n<title>Implementaci\u00f3n Y Outsourcing<\/title>\n<meta name=\"robots\" content=\"index, follow, max-snippet:-1, max-image-preview:large, max-video-preview:-1\" \/>\n<link rel=\"canonical\" href=\"https:\/\/s-c-g.net\/pt\/implementacao-e-terceirizacao\/\" \/>\n<meta property=\"og:locale\" content=\"pt_PT\" \/>\n<meta property=\"og:type\" content=\"article\" \/>\n<meta property=\"og:title\" content=\"Implementaci\u00f3n Y Outsourcing\" \/>\n<meta property=\"og:description\" content=\"Implementaci\u00f3n Y Outsourcing Hemos implementado para nuestros clientes actividades relacionadas con todos los aspectos de la gesti\u00f3n social. Ponemos a disposici\u00f3n de nuestros clientes equipos especializados y capacitados para desarrollar programas de reasentamiento, negociaci\u00f3n predial, fortalecimiento de [&hellip;]\" \/>\n<meta property=\"og:url\" content=\"https:\/\/s-c-g.net\/pt\/implementacao-e-terceirizacao\/\" \/>\n<meta property=\"og:site_name\" content=\"SCG\" \/>\n<meta property=\"article:publisher\" content=\"https:\/\/www.facebook.com\/SocialCapitalGroup.SCG\/\" \/>\n<meta property=\"article:modified_time\" content=\"2021-12-07T21:33:29+00:00\" \/>\n<meta property=\"og:image\" content=\"https:\/\/scg.amorosa.company\/wp-content\/uploads\/2021\/12\/Icono_Implementacion.jpg\" \/>\n<meta name=\"twitter:card\" content=\"summary_large_image\" \/>\n<meta name=\"twitter:label1\" content=\"Tempo estimado de leitura\" \/>\n\t<meta name=\"twitter:data1\" content=\"3 minutos\" \/>\n<script type=\"application\/ld+json\" class=\"yoast-schema-graph\">{\"@context\":\"https:\/\/schema.org\",\"@graph\":[{\"@type\":\"WebPage\",\"@id\":\"https:\/\/s-c-g.net\/es\/implementacion-y-outsourcing\/\",\"url\":\"https:\/\/s-c-g.net\/es\/implementacion-y-outsourcing\/\",\"name\":\"Implementaci\u00f3n Y Outsourcing\",\"isPartOf\":{\"@id\":\"https:\/\/s-c-g.net\/#website\"},\"primaryImageOfPage\":{\"@id\":\"https:\/\/s-c-g.net\/es\/implementacion-y-outsourcing\/#primaryimage\"},\"image\":{\"@id\":\"https:\/\/s-c-g.net\/es\/implementacion-y-outsourcing\/#primaryimage\"},\"thumbnailUrl\":\"https:\/\/scg.amorosa.company\/wp-content\/uploads\/2021\/12\/Icono_Implementacion.jpg\",\"datePublished\":\"2021-12-07T14:08:48+00:00\",\"dateModified\":\"2021-12-07T21:33:29+00:00\",\"breadcrumb\":{\"@id\":\"https:\/\/s-c-g.net\/es\/implementacion-y-outsourcing\/#breadcrumb\"},\"inLanguage\":\"pt-PT\",\"potentialAction\":[{\"@type\":\"ReadAction\",\"target\":[\"https:\/\/s-c-g.net\/es\/implementacion-y-outsourcing\/\"]}]},{\"@type\":\"ImageObject\",\"inLanguage\":\"pt-PT\",\"@id\":\"https:\/\/s-c-g.net\/es\/implementacion-y-outsourcing\/#primaryimage\",\"url\":\"https:\/\/scg.amorosa.company\/wp-content\/uploads\/2021\/12\/Icono_Implementacion.jpg\",\"contentUrl\":\"https:\/\/scg.amorosa.company\/wp-content\/uploads\/2021\/12\/Icono_Implementacion.jpg\"},{\"@type\":\"BreadcrumbList\",\"@id\":\"https:\/\/s-c-g.net\/es\/implementacion-y-outsourcing\/#breadcrumb\",\"itemListElement\":[{\"@type\":\"ListItem\",\"position\":1,\"name\":\"Portada\",\"item\":\"https:\/\/s-c-g.net\/\"},{\"@type\":\"ListItem\",\"position\":2,\"name\":\"Implementaci\u00f3n Y Outsourcing\"}]},{\"@type\":\"WebSite\",\"@id\":\"https:\/\/s-c-g.net\/#website\",\"url\":\"https:\/\/s-c-g.net\/\",\"name\":\"SCG\",\"description\":\"\",\"publisher\":{\"@id\":\"https:\/\/s-c-g.net\/#organization\"},\"potentialAction\":[{\"@type\":\"SearchAction\",\"target\":{\"@type\":\"EntryPoint\",\"urlTemplate\":\"https:\/\/s-c-g.net\/?s={search_term_string}\"},\"query-input\":\"required name=search_term_string\"}],\"inLanguage\":\"pt-PT\"},{\"@type\":\"Organization\",\"@id\":\"https:\/\/s-c-g.net\/#organization\",\"name\":\"Social Capital Group\",\"url\":\"https:\/\/s-c-g.net\/\",\"logo\":{\"@type\":\"ImageObject\",\"inLanguage\":\"pt-PT\",\"@id\":\"https:\/\/s-c-g.net\/#\/schema\/logo\/image\/\",\"url\":\"https:\/\/s-c-g.net\/wp-content\/uploads\/2024\/06\/Logo-SCG-Site.png\",\"contentUrl\":\"https:\/\/s-c-g.net\/wp-content\/uploads\/2024\/06\/Logo-SCG-Site.png\",\"width\":170,\"height\":170,\"caption\":\"Social Capital Group\"},\"image\":{\"@id\":\"https:\/\/s-c-g.net\/#\/schema\/logo\/image\/\"},\"sameAs\":[\"https:\/\/www.facebook.com\/SocialCapitalGroup.SCG\/\"]}]}<\/script>\n<!-- \/ Yoast SEO plugin. -->","yoast_head_json":{"title":"Implementa\u00e7\u00e3o e Terceiriza\u00e7\u00e3o","robots":{"index":"index","follow":"follow","max-snippet":"max-snippet:-1","max-image-preview":"max-image-preview:large","max-video-preview":"max-video-preview:-1"},"canonical":"https:\/\/s-c-g.net\/pt\/implementacao-e-terceirizacao\/","og_locale":"pt_PT","og_type":"article","og_title":"Implementaci\u00f3n Y Outsourcing","og_description":"Implementaci\u00f3n Y Outsourcing Hemos implementado para nuestros clientes actividades relacionadas con todos los aspectos de la gesti\u00f3n social. Ponemos a disposici\u00f3n de nuestros clientes equipos especializados y capacitados para desarrollar programas de reasentamiento, negociaci\u00f3n predial, fortalecimiento de [&hellip;]","og_url":"https:\/\/s-c-g.net\/pt\/implementacao-e-terceirizacao\/","og_site_name":"SCG","article_publisher":"https:\/\/www.facebook.com\/SocialCapitalGroup.SCG\/","article_modified_time":"2021-12-07T21:33:29+00:00","og_image":[{"url":"https:\/\/scg.amorosa.company\/wp-content\/uploads\/2021\/12\/Icono_Implementacion.jpg"}],"twitter_card":"summary_large_image","twitter_misc":{"Tempo estimado de leitura":"3 minutos"},"schema":{"@context":"https:\/\/schema.org","@graph":[{"@type":"WebPage","@id":"https:\/\/s-c-g.net\/es\/implementacion-y-outsourcing\/","url":"https:\/\/s-c-g.net\/es\/implementacion-y-outsourcing\/","name":"Implementa\u00e7\u00e3o e Terceiriza\u00e7\u00e3o","isPartOf":{"@id":"https:\/\/s-c-g.net\/#website"},"primaryImageOfPage":{"@id":"https:\/\/s-c-g.net\/es\/implementacion-y-outsourcing\/#primaryimage"},"image":{"@id":"https:\/\/s-c-g.net\/es\/implementacion-y-outsourcing\/#primaryimage"},"thumbnailUrl":"https:\/\/scg.amorosa.company\/wp-content\/uploads\/2021\/12\/Icono_Implementacion.jpg","datePublished":"2021-12-07T14:08:48+00:00","dateModified":"2021-12-07T21:33:29+00:00","breadcrumb":{"@id":"https:\/\/s-c-g.net\/es\/implementacion-y-outsourcing\/#breadcrumb"},"inLanguage":"pt-PT","potentialAction":[{"@type":"ReadAction","target":["https:\/\/s-c-g.net\/es\/implementacion-y-outsourcing\/"]}]},{"@type":"ImageObject","inLanguage":"pt-PT","@id":"https:\/\/s-c-g.net\/es\/implementacion-y-outsourcing\/#primaryimage","url":"https:\/\/scg.amorosa.company\/wp-content\/uploads\/2021\/12\/Icono_Implementacion.jpg","contentUrl":"https:\/\/scg.amorosa.company\/wp-content\/uploads\/2021\/12\/Icono_Implementacion.jpg"},{"@type":"BreadcrumbList","@id":"https:\/\/s-c-g.net\/es\/implementacion-y-outsourcing\/#breadcrumb","itemListElement":[{"@type":"ListItem","position":1,"name":"Portada","item":"https:\/\/s-c-g.net\/"},{"@type":"ListItem","position":2,"name":"Implementaci\u00f3n Y Outsourcing"}]},{"@type":"WebSite","@id":"https:\/\/s-c-g.net\/#website","url":"https:\/\/s-c-g.net\/","name":"SCG","description":"","publisher":{"@id":"https:\/\/s-c-g.net\/#organization"},"potentialAction":[{"@type":"SearchAction","target":{"@type":"EntryPoint","urlTemplate":"https:\/\/s-c-g.net\/?s={search_term_string}"},"query-input":"required name=search_term_string"}],"inLanguage":"pt-PT"},{"@type":"Organization","@id":"https:\/\/s-c-g.net\/#organization","name":"Grupo Capital Social","url":"https:\/\/s-c-g.net\/","logo":{"@type":"ImageObject","inLanguage":"pt-PT","@id":"https:\/\/s-c-g.net\/#\/schema\/logo\/image\/","url":"https:\/\/s-c-g.net\/wp-content\/uploads\/2024\/06\/Logo-SCG-Site.png","contentUrl":"https:\/\/s-c-g.net\/wp-content\/uploads\/2024\/06\/Logo-SCG-Site.png","width":170,"height":170,"caption":"Social Capital Group"},"image":{"@id":"https:\/\/s-c-g.net\/#\/schema\/logo\/image\/"},"sameAs":["https:\/\/www.facebook.com\/SocialCapitalGroup.SCG\/"]}]}},"_links":{"self":[{"href":"https:\/\/s-c-g.net\/pt\/wp-json\/wp\/v2\/pages\/9644"}],"collection":[{"href":"https:\/\/s-c-g.net\/pt\/wp-json\/wp\/v2\/pages"}],"about":[{"href":"https:\/\/s-c-g.net\/pt\/wp-json\/wp\/v2\/types\/page"}],"author":[{"embeddable":true,"href":"https:\/\/s-c-g.net\/pt\/wp-json\/wp\/v2\/users\/4"}],"replies":[{"embeddable":true,"href":"https:\/\/s-c-g.net\/pt\/wp-json\/wp\/v2\/comments?post=9644"}],"version-history":[{"count":0,"href":"https:\/\/s-c-g.net\/pt\/wp-json\/wp\/v2\/pages\/9644\/revisions"}],"wp:attachment":[{"href":"https:\/\/s-c-g.net\/pt\/wp-json\/wp\/v2\/media?parent=9644"}],"curies":[{"name":"wp","href":"https:\/\/api.w.org\/{rel}","templated":true}]}}